{"id":3,"date":"2022-09-01T18:29:45","date_gmt":"2022-09-01T18:29:45","guid":{"rendered":"https:\/\/contatoprodutivo.com.br\/?page_id=3"},"modified":"2026-04-02T12:30:11","modified_gmt":"2026-04-02T12:30:11","slug":"privacy-policy","status":"publish","type":"page","link":"https:\/\/contatoprodutivo.com.br\/index.php\/privacy-policy\/","title":{"rendered":"Pol\u00edticas de privacidade"},"content":{"rendered":"\t\t<div data-elementor-type=\"wp-page\" data-elementor-id=\"3\" class=\"elementor elementor-3\">\n\t\t\t\t\t\t<section class=\"elementor-section elementor-top-section elementor-element elementor-element-0a5aa06 elementor-section-boxed elementor-section-height-default elementor-section-height-default\" data-id=\"0a5aa06\" data-element_type=\"section\" data-e-type=\"section\">\n\t\t\t\t\t\t<div class=\"elementor-container elementor-column-gap-default\">\n\t\t\t\t\t<div class=\"elementor-column elementor-col-50 elementor-top-column elementor-element elementor-element-d6edef0\" data-id=\"d6edef0\" data-element_type=\"column\" data-e-type=\"column\">\n\t\t\t<div class=\"elementor-widget-wrap elementor-element-populated\">\n\t\t\t\t\t\t<div class=\"elementor-element elementor-element-894fd12 elementor-widget elementor-widget-image\" data-id=\"894fd12\" data-element_type=\"widget\" data-e-type=\"widget\" data-widget_type=\"image.default\">\n\t\t\t\t<div class=\"elementor-widget-container\">\n\t\t\t\t\t\t\t\t\t\t\t\t\t\t\t\t<a href=\"https:\/\/contatoprodutivo.com.br\">\n\t\t\t\t\t\t\t<img fetchpriority=\"high\" decoding=\"async\" width=\"1024\" height=\"153\" src=\"https:\/\/contatoprodutivo.com.br\/wp-content\/uploads\/2022\/10\/Logo_CP-15-1024x153.png\" class=\"attachment-large size-large wp-image-1521\" alt=\"\" srcset=\"https:\/\/contatoprodutivo.com.br\/wp-content\/uploads\/2022\/10\/Logo_CP-15-1024x153.png 1024w, https:\/\/contatoprodutivo.com.br\/wp-content\/uploads\/2022\/10\/Logo_CP-15-300x45.png 300w, https:\/\/contatoprodutivo.com.br\/wp-content\/uploads\/2022\/10\/Logo_CP-15-768x115.png 768w, https:\/\/contatoprodutivo.com.br\/wp-content\/uploads\/2022\/10\/Logo_CP-15-1536x230.png 1536w, https:\/\/contatoprodutivo.com.br\/wp-content\/uploads\/2022\/10\/Logo_CP-15-2048x306.png 2048w, https:\/\/contatoprodutivo.com.br\/wp-content\/uploads\/2022\/10\/Logo_CP-15-260x39.png 260w\" sizes=\"(max-width: 1024px) 100vw, 1024px\" \/>\t\t\t\t\t\t\t\t<\/a>\n\t\t\t\t\t\t\t\t\t\t\t\t\t\t\t<\/div>\n\t\t\t\t<\/div>\n\t\t\t\t\t<\/div>\n\t\t<\/div>\n\t\t\t\t<div class=\"elementor-column elementor-col-50 elementor-top-column elementor-element elementor-element-5631ff4\" data-id=\"5631ff4\" data-element_type=\"column\" data-e-type=\"column\">\n\t\t\t<div class=\"elementor-widget-wrap\">\n\t\t\t\t\t\t\t<\/div>\n\t\t<\/div>\n\t\t\t\t\t<\/div>\n\t\t<\/section>\n\t\t\t\t<section class=\"elementor-section elementor-top-section elementor-element elementor-element-7e70dbe2 elementor-section-boxed elementor-section-height-default elementor-section-height-default\" data-id=\"7e70dbe2\" data-element_type=\"section\" data-e-type=\"section\">\n\t\t\t\t\t\t<div class=\"elementor-container elementor-column-gap-default\">\n\t\t\t\t\t<div class=\"elementor-column elementor-col-100 elementor-top-column elementor-element elementor-element-42a1b438\" data-id=\"42a1b438\" data-element_type=\"column\" data-e-type=\"column\">\n\t\t\t<div class=\"elementor-widget-wrap elementor-element-populated\">\n\t\t\t\t\t\t<div class=\"elementor-element elementor-element-47b8e86e elementor-widget elementor-widget-text-editor\" data-id=\"47b8e86e\" data-element_type=\"widget\" data-e-type=\"widget\" data-widget_type=\"text-editor.default\">\n\t\t\t\t<div class=\"elementor-widget-container\">\n\t\t\t\t\t\t\t\t\t\n<h2 class=\"wp-block-heading\">Quem somos<\/h2>\n\n<p>O endere\u00e7o do nosso site \u00e9: <a href=\"https:\/\/contatoprodutivo.com.br\">https:\/\/contatoprodutivo.com.br<\/a><br \/>A Contato Produtivo atua com solu\u00e7\u00f5es tecnol\u00f3gicas, incluindo an\u00e1lise de dados, desenvolvimento de sistemas, gest\u00e3o de informa\u00e7\u00f5es de clientes, emiss\u00e3o de cobran\u00e7as e comunica\u00e7\u00e3o via e-mail e WhatsApp.<\/p>\n\n<h2 class=\"wp-block-heading\">Coment\u00e1rios<\/h2>\n\n<p>Quando os visitantes deixam coment\u00e1rios no site, coletamos os dados mostrados no formul\u00e1rio de coment\u00e1rios, al\u00e9m do endere\u00e7o de IP e de dados do navegador do visitante, para auxiliar na detec\u00e7\u00e3o de spam.<br \/>Uma sequ\u00eancia anonimizada de caracteres criada a partir do seu e-mail (tamb\u00e9m chamada de hash) poder\u00e1 ser enviada para o Gravatar para verificar se voc\u00ea usa o servi\u00e7o. A pol\u00edtica de privacidade do Gravatar est\u00e1 dispon\u00edvel aqui: <a href=\"https:\/\/automattic.com\/privacy\/\">https:\/\/automattic.com\/privacy\/<\/a>. Depois da aprova\u00e7\u00e3o do seu coment\u00e1rio, a foto do seu perfil fica vis\u00edvel publicamente junto de seu coment\u00e1rio.<\/p>\n<h2>Coleta de dados para presta\u00e7\u00e3o de servi\u00e7os<\/h2>\n<p><\/p>\n<p data-start=\"1134\" data-end=\"1326\">Al\u00e9m dos dados coletados automaticamente pelo site, a Contato Produtivo poder\u00e1 coletar e tratar dados pessoais fornecidos por clientes e usu\u00e1rios para fins de presta\u00e7\u00e3o de servi\u00e7os, incluindo:<\/p>\n<ul data-start=\"1328\" data-end=\"1476\">\n<li data-section-id=\"1t1go2p\" data-start=\"1328\" data-end=\"1336\">Nome<\/li>\n<li data-section-id=\"6adjzd\" data-start=\"1337\" data-end=\"1347\">E-mail<\/li>\n<li data-section-id=\"ba5g9e\" data-start=\"1348\" data-end=\"1360\">Telefone<\/li>\n<li data-section-id=\"ay7vjk\" data-start=\"1361\" data-end=\"1376\">CPF ou CNPJ<\/li>\n<li data-section-id=\"1p9bs93\" data-start=\"1377\" data-end=\"1418\">Informa\u00e7\u00f5es contratuais e financeiras<\/li>\n<li data-section-id=\"nxjk4f\" data-start=\"1419\" data-end=\"1476\">Dados necess\u00e1rios para emiss\u00e3o de boletos e cobran\u00e7as<\/li>\n<\/ul>\n<p data-start=\"1478\" data-end=\"1620\">Esses dados s\u00e3o utilizados exclusivamente para execu\u00e7\u00e3o dos servi\u00e7os contratados, comunica\u00e7\u00e3o com clientes e cumprimento de obriga\u00e7\u00f5es legais.<\/p>\n\n<h2 class=\"wp-block-heading\">M\u00eddia<\/h2>\n\n<p>Se voc\u00ea envia imagens para o site, evite enviar as que contenham dados de localiza\u00e7\u00e3o incorporados (EXIF GPS). Visitantes podem baixar estas imagens do site e extrair delas seus dados de localiza\u00e7\u00e3o.<\/p>\n\n<h2 class=\"wp-block-heading\">Cookies<\/h2>\n\n<p data-start=\"1843\" data-end=\"1995\">Ao deixar um coment\u00e1rio no site, voc\u00ea poder\u00e1 optar por salvar seu nome, e-mail e site nos cookies, visando maior comodidade. Esses cookies duram um ano.<\/p>\n<p data-start=\"1997\" data-end=\"2190\">Se voc\u00ea tem uma conta e acessa este site, um cookie tempor\u00e1rio ser\u00e1 criado para verificar se seu navegador aceita cookies. Ele n\u00e3o cont\u00e9m dados pessoais e ser\u00e1 descartado ao fechar o navegador.<\/p>\n<p data-start=\"2192\" data-end=\"2429\">Quando voc\u00ea acessa sua conta, criamos cookies para salvar dados de login e prefer\u00eancias de tela. Cookies de login duram dois dias e cookies de prefer\u00eancias duram um ano. Se selecionar &#8220;Lembrar-me&#8221;, o acesso ser\u00e1 mantido por duas semanas.<\/p>\n<p data-start=\"2431\" data-end=\"2552\">Se voc\u00ea editar ou publicar conte\u00fado, um cookie adicional ser\u00e1 salvo, contendo apenas o ID do post e expirando ap\u00f3s 1 dia.<\/p>\n<h2>Comunica\u00e7\u00e3o e uso de dados<\/h2>\n<p><\/p>\n<p data-start=\"2591\" data-end=\"2638\">Os dados coletados poder\u00e3o ser utilizados para:<\/p>\n<ul data-start=\"2640\" data-end=\"2849\">\n<li data-section-id=\"1nhhcbp\" data-start=\"2640\" data-end=\"2687\">Envio de comunica\u00e7\u00f5es via e-mail e WhatsApp<\/li>\n<li data-section-id=\"ua4wgq\" data-start=\"2688\" data-end=\"2735\">Envio de boletos e notifica\u00e7\u00f5es de cobran\u00e7a<\/li>\n<li data-section-id=\"ak302c\" data-start=\"2736\" data-end=\"2762\">Atendimento ao cliente<\/li>\n<li data-section-id=\"lbsp3j\" data-start=\"2763\" data-end=\"2812\">Execu\u00e7\u00e3o de contratos e presta\u00e7\u00e3o de servi\u00e7os<\/li>\n<li data-section-id=\"1k7efr9\" data-start=\"2813\" data-end=\"2849\">Cumprimento de obriga\u00e7\u00f5es legais<\/li>\n<\/ul>\n\n<h2 class=\"wp-block-heading\">M\u00eddia incorporada de outros sites<\/h2>\n\n<p>Artigos neste site podem incluir conte\u00fados incorporados (v\u00eddeos, imagens, etc.). Esses conte\u00fados se comportam como se o visitante estivesse acessando o site de origem, podendo coletar dados, usar cookies e monitorar a intera\u00e7\u00e3o.<\/p>\n\n<h2 class=\"wp-block-heading\">Com quem compartilhamos seus dados<\/h2>\n\n<p data-start=\"3170\" data-end=\"3212\">Seus dados poder\u00e3o ser compartilhados com:<\/p>\n<ul data-start=\"3214\" data-end=\"3446\">\n<li data-section-id=\"wglnsj\" data-start=\"3214\" data-end=\"3259\">Provedores de hospedagem e infraestrutura<\/li>\n<li data-section-id=\"slpmes\" data-start=\"3260\" data-end=\"3324\">Servi\u00e7os de envio de e-mail e mensagens (incluindo WhatsApp)<\/li>\n<li data-section-id=\"aaifny\" data-start=\"3325\" data-end=\"3377\">Institui\u00e7\u00f5es financeiras para emiss\u00e3o de boletos<\/li>\n<li data-section-id=\"ddlf21\" data-start=\"3378\" data-end=\"3446\">Plataformas e ferramentas necess\u00e1rias para execu\u00e7\u00e3o dos servi\u00e7os<\/li>\n<\/ul>\n<p data-start=\"3448\" data-end=\"3483\">N\u00e3o comercializamos dados pessoais.<\/p>\n<p data-start=\"3485\" data-end=\"3581\">Se voc\u00ea solicitar redefini\u00e7\u00e3o de senha, o endere\u00e7o de IP ser\u00e1 inclu\u00eddo no e-mail de redefini\u00e7\u00e3o.<\/p>\n\n<h2 class=\"wp-block-heading\">Por quanto tempo mantemos os seus dados<\/h2>\n\n<p data-start=\"3633\" data-end=\"3700\">Coment\u00e1rios e seus metadados podem ser armazenados indefinidamente.<\/p>\n<p data-start=\"3702\" data-end=\"3875\">Para usu\u00e1rios cadastrados (se houver), armazenamos os dados fornecidos no perfil. Esses dados podem ser editados ou exclu\u00eddos pelo pr\u00f3prio usu\u00e1rio, exceto o nome de usu\u00e1rio.<\/p>\n<p data-start=\"3877\" data-end=\"4025\">Dados relacionados \u00e0 presta\u00e7\u00e3o de servi\u00e7os ser\u00e3o mantidos pelo per\u00edodo necess\u00e1rio para cumprimento de obriga\u00e7\u00f5es contratuais, legais e regulat\u00f3rias.<\/p>\n\n<h2 class=\"wp-block-heading\">Quais os seus direitos sobre seus dados<\/h2>\n\n<p data-start=\"4077\" data-end=\"4107\">Voc\u00ea pode, a qualquer momento:<\/p>\n<ul data-start=\"4109\" data-end=\"4262\">\n<li data-section-id=\"20jqbp\" data-start=\"4109\" data-end=\"4153\">Solicitar acesso aos seus dados pessoais<\/li>\n<li data-section-id=\"kvpqa\" data-start=\"4154\" data-end=\"4185\">Solicitar corre\u00e7\u00e3o de dados<\/li>\n<li data-section-id=\"1os150d\" data-start=\"4186\" data-end=\"4235\">Solicitar exclus\u00e3o de dados, quando aplic\u00e1vel<\/li>\n<li data-section-id=\"1c4aiuz\" data-start=\"4236\" data-end=\"4262\">Revogar consentimentos<\/li>\n<\/ul>\n<p data-start=\"4264\" data-end=\"4360\">Para exercer seus direitos, entre em contato pelo e-mail: <a href=\"mailto:getulio.silva@contatoprodutivo.com.br\"><span style=\"font-weight: 400;\">getulio.silva@contatoprodutivo.com.br<\/span><\/a><\/p>\n\n<h2 class=\"wp-block-heading\">Termos de Servi\u00e7o<\/h2>\n\n<p data-start=\"4406\" data-end=\"4485\">Para entender melhor as regras que regem o uso dos nossos servi\u00e7os, recomendamos a leitura dos nossos Termos de Servi\u00e7o:<br data-start=\"621\" data-end=\"624\" \/><a class=\"decorated-link\" href=\"https:\/\/contatoprodutivo.com.br\/index.php\/termos-de-servico\/\" target=\"_new\" rel=\"noopener\" data-start=\"624\" data-end=\"684\">https:\/\/contatoprodutivo.com.br\/index.php\/termos-de-servico\/<\/a><\/p>\n<h2>Para onde seus dados s\u00e3o enviados<\/h2>\n<p data-start=\"4487\" data-end=\"4627\"><\/p>\n<p data-start=\"4406\" data-end=\"4485\">Coment\u00e1rios podem ser verificados por servi\u00e7os autom\u00e1ticos de detec\u00e7\u00e3o de spam.<\/p>\n<p data-start=\"4487\" data-end=\"4627\">Al\u00e9m disso, dados poder\u00e3o ser processados por servi\u00e7os localizados fora do Brasil, sempre respeitando n\u00edveis adequados de prote\u00e7\u00e3o de dados.<\/p>\n<h2>Seguran\u00e7a das informa\u00e7\u00f5es<\/h2>\n<p data-start=\"4487\" data-end=\"4627\"><\/p>\n<p data-start=\"4406\" data-end=\"4485\">Adotamos medidas t\u00e9cnicas e organizacionais para proteger os dados pessoais contra acesso n\u00e3o autorizado, perda, altera\u00e7\u00e3o ou divulga\u00e7\u00e3o indevida.<\/p>\n<h2>Altera\u00e7\u00f5es nesta pol\u00edtica<\/h2>\n<p data-start=\"4487\" data-end=\"4627\"><\/p>\n<p data-start=\"4406\" data-end=\"4485\">Esta pol\u00edtica poder\u00e1 ser atualizada a qualquer momento para refletir mudan\u00e7as nos servi\u00e7os ou na legisla\u00e7\u00e3o aplic\u00e1vel.<\/p>\n\t\t\t\t\t\t\t\t<\/div>\n\t\t\t\t<\/div>\n\t\t\t\t\t<\/div>\n\t\t<\/div>\n\t\t\t\t\t<\/div>\n\t\t<\/section>\n\t\t\t\t<\/div>\n\t\t","protected":false},"excerpt":{"rendered":"<p>Quem somos O endere\u00e7o do nosso site \u00e9: https:\/\/contatoprodutivo.com.brA Contato Produtivo atua com solu\u00e7\u00f5es tecnol\u00f3gicas, incluindo an\u00e1lise de dados, desenvolvimento de sistemas, gest\u00e3o de informa\u00e7\u00f5es de clientes, emiss\u00e3o de cobran\u00e7as e comunica\u00e7\u00e3o via e-mail e WhatsApp. Coment\u00e1rios Quando os visitantes deixam coment\u00e1rios no site, coletamos os dados mostrados no formul\u00e1rio de coment\u00e1rios, al\u00e9m do endere\u00e7o [&hellip;]<\/p>\n","protected":false},"author":1,"featured_media":0,"parent":0,"menu_order":0,"comment_status":"closed","ping_status":"closed","template":"elementor_canvas","meta":{"site-sidebar-layout":"default","site-content-layout":"","ast-site-content-layout":"default","site-content-style":"default","site-sidebar-style":"default","ast-global-header-display":"","ast-banner-title-visibility":"","ast-main-header-display":"","ast-hfb-above-header-display":"","ast-hfb-below-header-display":"","ast-hfb-mobile-header-display":"","site-post-title":"","ast-breadcrumbs-content":"","ast-featured-img":"","footer-sml-layout":"","ast-disable-related-posts":"","theme-transparent-header-meta":"","adv-header-id-meta":"","stick-header-meta":"","header-above-stick-meta":"","header-main-stick-meta":"","header-below-stick-meta":"","astra-migrate-meta-layouts":"set","ast-page-background-enabled":"default","ast-page-background-meta":{"desktop":{"background-color":"","background-image":"","background-repeat":"repeat","background-position":"center center","background-size":"auto","background-attachment":"scroll","background-type":"","background-media":"","overlay-type":"","overlay-color":"","overlay-opacity":"","overlay-gradient":""},"tablet":{"background-color":"","background-image":"","background-repeat":"repeat","background-position":"center center","background-size":"auto","background-attachment":"scroll","background-type":"","background-media":"","overlay-type":"","overlay-color":"","overlay-opacity":"","overlay-gradient":""},"mobile":{"background-color":"","background-image":"","background-repeat":"repeat","background-position":"center center","background-size":"auto","background-attachment":"scroll","background-type":"","background-media":"","overlay-type":"","overlay-color":"","overlay-opacity":"","overlay-gradient":""}},"ast-content-background-meta":{"desktop":{"background-color":"var(--ast-global-color-5)","background-image":"","background-repeat":"repeat","background-position":"center center","background-size":"auto","background-attachment":"scroll","background-type":"","background-media":"","overlay-type":"","overlay-color":"","overlay-opacity":"","overlay-gradient":""},"tablet":{"background-color":"var(--ast-global-color-5)","background-image":"","background-repeat":"repeat","background-position":"center center","background-size":"auto","background-attachment":"scroll","background-type":"","background-media":"","overlay-type":"","overlay-color":"","overlay-opacity":"","overlay-gradient":""},"mobile":{"background-color":"var(--ast-global-color-5)","background-image":"","background-repeat":"repeat","background-position":"center center","background-size":"auto","background-attachment":"scroll","background-type":"","background-media":"","overlay-type":"","overlay-color":"","overlay-opacity":"","overlay-gradient":""}},"footnotes":""},"class_list":["post-3","page","type-page","status-publish","hentry"],"_links":{"self":[{"href":"https:\/\/contatoprodutivo.com.br\/index.php\/wp-json\/wp\/v2\/pages\/3","targetHints":{"allow":["GET"]}}],"collection":[{"href":"https:\/\/contatoprodutivo.com.br\/index.php\/wp-json\/wp\/v2\/pages"}],"about":[{"href":"https:\/\/contatoprodutivo.com.br\/index.php\/wp-json\/wp\/v2\/types\/page"}],"author":[{"embeddable":true,"href":"https:\/\/contatoprodutivo.com.br\/index.php\/wp-json\/wp\/v2\/users\/1"}],"replies":[{"embeddable":true,"href":"https:\/\/contatoprodutivo.com.br\/index.php\/wp-json\/wp\/v2\/comments?post=3"}],"version-history":[{"count":45,"href":"https:\/\/contatoprodutivo.com.br\/index.php\/wp-json\/wp\/v2\/pages\/3\/revisions"}],"predecessor-version":[{"id":2887,"href":"https:\/\/contatoprodutivo.com.br\/index.php\/wp-json\/wp\/v2\/pages\/3\/revisions\/2887"}],"wp:attachment":[{"href":"https:\/\/contatoprodutivo.com.br\/index.php\/wp-json\/wp\/v2\/media?parent=3"}],"curies":[{"name":"wp","href":"https:\/\/api.w.org\/{rel}","templated":true}]}}